{"id":24,"date":"2015-02-07T16:33:40","date_gmt":"2015-02-07T16:33:40","guid":{"rendered":"http:\/\/retirada37.com\/?page_id=24"},"modified":"2026-03-11T14:07:39","modified_gmt":"2026-03-11T13:07:39","slug":"le-bureau","status":"publish","type":"page","link":"https:\/\/retirada37.com\/?page_id=24","title":{"rendered":"Le bureau"},"content":{"rendered":"<p><strong><em>Pr\u00e9sident :  Eric Sionneau<\/em> <\/strong><\/p>\n<p><strong><em>Tr\u00e9sori\u00e8re : Oriane Tabaret<\/em> <\/strong><\/p>\n<p><strong><em>Tr\u00e9sori\u00e8re adjointe : Fernande Lopez <\/em> <\/strong><\/p>\n<p><em><strong>Secr\u00e9taire : <em>Luis Lopez <\/strong <\/em> <\/strong><\/em><\/em><\/p>\n<p><strong>Secr\u00e9taire adjointe : Marjolaine Leman<\/strong><\/p>\n","protected":false},"excerpt":{"rendered":"<p>Pr\u00e9sident : Eric Sionneau Tr\u00e9sori\u00e8re : Oriane Tabaret Tr\u00e9sori\u00e8re adjointe : Fernande Lopez Secr\u00e9taire : Luis Lopez<\/p>\n","protected":false},"author":1,"featured_media":0,"parent":0,"menu_order":0,"comment_status":"closed","ping_status":"open","template":"","meta":{"_bbp_topic_count":0,"_bbp_reply_count":0,"_bbp_total_topic_count":0,"_bbp_total_reply_count":0,"_bbp_voice_count":0,"_bbp_anonymous_reply_count":0,"_bbp_topic_count_hidden":0,"_bbp_reply_count_hidden":0,"_bbp_forum_subforum_count":0,"footnotes":""},"class_list":["post-24","page","type-page","status-publish","hentry"],"_links":{"self":[{"href":"https:\/\/retirada37.com\/index.php?rest_route=\/wp\/v2\/pages\/24","targetHints":{"allow":["GET"]}}],"collection":[{"href":"https:\/\/retirada37.com\/index.php?rest_route=\/wp\/v2\/pages"}],"about":[{"href":"https:\/\/retirada37.com\/index.php?rest_route=\/wp\/v2\/types\/page"}],"author":[{"embeddable":true,"href":"https:\/\/retirada37.com\/index.php?rest_route=\/wp\/v2\/users\/1"}],"replies":[{"embeddable":true,"href":"https:\/\/retirada37.com\/index.php?rest_route=%2Fwp%2Fv2%2Fcomments&post=24"}],"version-history":[{"count":24,"href":"https:\/\/retirada37.com\/index.php?rest_route=\/wp\/v2\/pages\/24\/revisions"}],"predecessor-version":[{"id":19172,"href":"https:\/\/retirada37.com\/index.php?rest_route=\/wp\/v2\/pages\/24\/revisions\/19172"}],"wp:attachment":[{"href":"https:\/\/retirada37.com\/index.php?rest_route=%2Fwp%2Fv2%2Fmedia&parent=24"}],"curies":[{"name":"wp","href":"https:\/\/api.w.org\/{rel}","templated":true}]}}